{"id":58,"date":"2020-04-23T13:08:13","date_gmt":"2020-04-23T13:08:13","guid":{"rendered":"https:\/\/bridge357.qodeinteractive.com\/?page_id=58"},"modified":"2026-04-10T09:06:43","modified_gmt":"2026-04-10T07:06:43","slug":"about","status":"publish","type":"page","link":"https:\/\/studioserendipity.de\/?page_id=58","title":{"rendered":"About"},"content":{"rendered":"\t\t<div data-elementor-type=\"wp-page\" data-elementor-id=\"58\" class=\"elementor elementor-58\">\n\t\t\t\t<div class=\"elementor-element elementor-element-c8cc361 e-flex e-con-boxed parallax_section_no qode_elementor_container_no e-con e-parent\" data-id=\"c8cc361\" data-element_type=\"container\" data-e-type=\"container\">\n\t\t\t\t\t<div class=\"e-con-inner\">\n\t\t\t\t<div class=\"elementor-element elementor-element-fc848c4 elementor-widget elementor-widget-image\" data-id=\"fc848c4\" data-element_type=\"widget\" data-e-type=\"widget\" data-widget_type=\"image.default\">\n\t\t\t\t<div class=\"elementor-widget-container\">\n\t\t\t\t\t\t\t\t\t\t\t\t\t\t\t<img decoding=\"async\" src=\"https:\/\/studioserendipity.de\/wp-content\/uploads\/2026\/03\/DSC07699nnew-Kopie-scaled.webp\" title=\"DSC07699nnew Kopie\" alt=\"DSC07699nnew Kopie\" loading=\"lazy\" \/>\t\t\t\t\t\t\t\t\t\t\t\t\t\t\t<\/div>\n\t\t\t\t<\/div>\n\t\t\t\t\t<\/div>\n\t\t\t\t<\/div>\n\t\t<div class=\"elementor-element elementor-element-375a8f7 e-flex e-con-boxed parallax_section_no qode_elementor_container_no e-con e-parent\" data-id=\"375a8f7\" data-element_type=\"container\" data-e-type=\"container\">\n\t\t\t\t\t<div class=\"e-con-inner\">\n\t\t<div class=\"elementor-element elementor-element-f22f116 e-con-full e-grid parallax_section_no qode_elementor_container_no e-con e-child\" data-id=\"f22f116\" data-element_type=\"container\" data-e-type=\"container\">\n\t\t\t\t<div class=\"elementor-element elementor-element-5dabd478 elementor-widget elementor-widget-heading\" data-id=\"5dabd478\" data-element_type=\"widget\" data-e-type=\"widget\" data-widget_type=\"heading.default\">\n\t\t\t\t<div class=\"elementor-widget-container\">\n\t\t\t\t\t<h1 class=\"elementor-heading-title elementor-size-default\">Gestaltung mit Haltung.<\/h1>\t\t\t\t<\/div>\n\t\t\t\t<\/div>\n\t\t\t\t<div class=\"elementor-element elementor-element-253bc98 elementor-widget elementor-widget-text-editor\" data-id=\"253bc98\" data-element_type=\"widget\" data-e-type=\"widget\" data-widget_type=\"text-editor.default\">\n\t\t\t\t<div class=\"elementor-widget-container\">\n\t\t\t\t\t\t\t\t\t<h2>Seit vielen Jahren entwickle ich Marken-Auftritte, und -Stories f\u00fcr\u00a0 Lifestyle-Kund:innen. Meinen inhaltlichen wie gestalterischen Ansatz verstehe ich als \u00dcbersetzung von Haltung und Stimmung in eine klare, sinnliche Form. Wenn sich eine Marke nicht nur zeigt, sondern auch sp\u00fcren l\u00e4sst, entsteht Verbindung.<\/h2>\t\t\t\t\t\t\t\t<\/div>\n\t\t\t\t<\/div>\n\t\t\t\t<\/div>\n\t\t\t\t\t<\/div>\n\t\t\t\t<\/div>\n\t\t<div class=\"elementor-element elementor-element-2d8c6b3 e-flex e-con-boxed parallax_section_no qode_elementor_container_no e-con e-parent\" data-id=\"2d8c6b3\" data-element_type=\"container\" data-e-type=\"container\">\n\t\t\t\t\t<div class=\"e-con-inner\">\n\t\t<div class=\"elementor-element elementor-element-6763739 e-con-full e-flex parallax_section_no qode_elementor_container_no e-con e-child\" data-id=\"6763739\" data-element_type=\"container\" data-e-type=\"container\" data-settings=\"{&quot;background_background&quot;:&quot;classic&quot;}\">\n\t\t\t\t<div class=\"elementor-element elementor-element-e795124 elementor-widget elementor-widget-text-editor\" data-id=\"e795124\" data-element_type=\"widget\" data-e-type=\"widget\" data-widget_type=\"text-editor.default\">\n\t\t\t\t<div class=\"elementor-widget-container\">\n\t\t\t\t\t\t\t\t\t<h6>Schritt f\u00fcr Schritt zu einem stimmigen Auftritt.<\/h6><h6>\u00a0<\/h6><h6>Mit feinem Gesp\u00fcr f\u00fcr \u00c4sthetik und Wirkung entstehen neue Blickwinkel und unerwartete Ans\u00e4tze, um Inhalte pr\u00e4zise und wirkungsvoll in Szene zu setzen.<\/h6><h6>\u00a0<\/h6><h6>In enger Abstimmung mit Ihnen entwickle ich f\u00fcr Sie einen Markenauftritt mit Haltung, Werten und Pers\u00f6nlichkeit sowohl analog, als auch digital auf Ihrer Website oder in Social Media.<\/h6>\t\t\t\t\t\t\t\t<\/div>\n\t\t\t\t<\/div>\n\t\t\t\t<\/div>\n\t\t<div class=\"elementor-element elementor-element-1d9d06a e-con-full e-flex parallax_section_no qode_elementor_container_no e-con e-child\" data-id=\"1d9d06a\" data-element_type=\"container\" data-e-type=\"container\" data-settings=\"{&quot;background_background&quot;:&quot;classic&quot;}\">\n\t\t\t\t<div class=\"elementor-element elementor-element-2411289 elementor-widget elementor-widget-image\" data-id=\"2411289\" data-element_type=\"widget\" data-e-type=\"widget\" data-widget_type=\"image.default\">\n\t\t\t\t<div class=\"elementor-widget-container\">\n\t\t\t\t\t\t\t\t\t\t\t\t\t\t\t<img fetchpriority=\"high\" decoding=\"async\" width=\"1829\" height=\"2560\" src=\"https:\/\/studioserendipity.de\/wp-content\/uploads\/2026\/04\/64960692_edu_20-scaled_blue-1.jpg\" class=\"attachment-full size-full wp-image-2044\" alt=\"\" srcset=\"https:\/\/studioserendipity.de\/wp-content\/uploads\/2026\/04\/64960692_edu_20-scaled_blue-1.jpg 1829w, https:\/\/studioserendipity.de\/wp-content\/uploads\/2026\/04\/64960692_edu_20-scaled_blue-1-214x300.jpg 214w, https:\/\/studioserendipity.de\/wp-content\/uploads\/2026\/04\/64960692_edu_20-scaled_blue-1-732x1024.jpg 732w, https:\/\/studioserendipity.de\/wp-content\/uploads\/2026\/04\/64960692_edu_20-scaled_blue-1-768x1075.jpg 768w, https:\/\/studioserendipity.de\/wp-content\/uploads\/2026\/04\/64960692_edu_20-scaled_blue-1-1097x1536.jpg 1097w, https:\/\/studioserendipity.de\/wp-content\/uploads\/2026\/04\/64960692_edu_20-scaled_blue-1-1463x2048.jpg 1463w, https:\/\/studioserendipity.de\/wp-content\/uploads\/2026\/04\/64960692_edu_20-scaled_blue-1-700x980.jpg 700w\" sizes=\"(max-width: 1829px) 100vw, 1829px\" \/>\t\t\t\t\t\t\t\t\t\t\t\t\t\t\t<\/div>\n\t\t\t\t<\/div>\n\t\t\t\t<\/div>\n\t\t\t\t\t<\/div>\n\t\t\t\t<\/div>\n\t\t<div class=\"elementor-element elementor-element-652e5b5 e-flex e-con-boxed parallax_section_no qode_elementor_container_no e-con e-parent\" data-id=\"652e5b5\" data-element_type=\"container\" data-e-type=\"container\">\n\t\t\t\t\t<div class=\"e-con-inner\">\n\t\t<div class=\"elementor-element elementor-element-6a696f3 e-con-full e-flex parallax_section_no qode_elementor_container_no e-con e-child\" data-id=\"6a696f3\" data-element_type=\"container\" data-e-type=\"container\" data-settings=\"{&quot;background_background&quot;:&quot;classic&quot;}\">\n\t\t\t\t<div class=\"elementor-element elementor-element-4cee880 elementor-hidden-tablet elementor-hidden-mobile elementor-widget elementor-widget-bridge_custom_font\" data-id=\"4cee880\" data-element_type=\"widget\" data-e-type=\"widget\" data-widget_type=\"bridge_custom_font.default\">\n\t\t\t\t<div class=\"elementor-widget-container\">\n\t\t\t\t\t<div class=\"custom_font_holder \" style=\"font-family: Nunito; font-style: normal; font-weight: 200; color: #5F5E5E; text-decoration: none; text-align: center; --qode-cf-font-size: 65px; --qode-cf-line-height: 70px; --qode-cf-font-size-1440: 65px; --qode-cf-line-height-1440: 70px; --qode-cf-font-size-1366: 65px; --qode-cf-line-height-1366: 70px; --qode-cf-font-size-1280: 65px; --qode-cf-line-height-1280: 70px; --qode-cf-font-size-1024: 65px; --qode-cf-line-height-1024: 70px; --qode-cf-font-size-768: 65px; --qode-cf-line-height-768: 70px; --qode-cf-font-size-680: 65px; --qode-cf-line-height-680: 70px; --qode-cf-font-size-480: 65px; --qode-cf-line-height-480: 70px;\">\u00abBeschr\u00e4nke alles auf das Wesentliche \u2013 aber entferne nicht die Poesie.\u00bb<\/div>\t\t\t\t<\/div>\n\t\t\t\t<\/div>\n\t\t\t\t<div class=\"elementor-element elementor-element-073fda0 elementor-hidden-tablet elementor-hidden-mobile elementor-widget elementor-widget-text-editor\" data-id=\"073fda0\" data-element_type=\"widget\" data-e-type=\"widget\" data-widget_type=\"text-editor.default\">\n\t\t\t\t<div class=\"elementor-widget-container\">\n\t\t\t\t\t\t\t\t\t<p>Wabi-Sabi (jap. \u4f98\u5bc2)<\/p><p>ein japanisches \u00e4sthetisches Konzept der Wahrnehmung von Sch\u00f6nheit<\/p>\t\t\t\t\t\t\t\t<\/div>\n\t\t\t\t<\/div>\n\t\t\t\t<div class=\"elementor-element elementor-element-546bf63 elementor-hidden-desktop elementor-widget elementor-widget-text-editor\" data-id=\"546bf63\" data-element_type=\"widget\" data-e-type=\"widget\" data-widget_type=\"text-editor.default\">\n\t\t\t\t<div class=\"elementor-widget-container\">\n\t\t\t\t\t\t\t\t\t<h2>\u00abBeschr\u00e4nke alles auf das Wesentliche \u2013 aber entferne nicht die Poesie.\u00bb<\/h2><p>Wabi-Sabi (jap. \u4f98\u5bc2)<\/p><p>ein japanisches \u00e4sthetisches Konzept der Wahrnehmung von Sch\u00f6nheit<\/p>\t\t\t\t\t\t\t\t<\/div>\n\t\t\t\t<\/div>\n\t\t\t\t<\/div>\n\t\t\t\t\t<\/div>\n\t\t\t\t<\/div>\n\t\t<div class=\"elementor-element elementor-element-077daa9 e-flex e-con-boxed parallax_section_no qode_elementor_container_no e-con e-parent\" data-id=\"077daa9\" data-element_type=\"container\" data-e-type=\"container\">\n\t\t\t\t\t<div class=\"e-con-inner\">\n\t\t<div class=\"elementor-element elementor-element-5978680 e-con-full e-flex parallax_section_no qode_elementor_container_no e-con e-child\" data-id=\"5978680\" data-element_type=\"container\" data-e-type=\"container\" data-settings=\"{&quot;background_background&quot;:&quot;classic&quot;}\">\n\t\t\t\t<div class=\"elementor-element elementor-element-7ce706a elementor-widget elementor-widget-text-editor\" data-id=\"7ce706a\" data-element_type=\"widget\" data-e-type=\"widget\" data-widget_type=\"text-editor.default\">\n\t\t\t\t<div class=\"elementor-widget-container\">\n\t\t\t\t\t\t\t\t\t<h6 class=\"p1\">Schritt f\u00fcr Schritt und in einem Tempo, das sich f\u00fcr Sie richtig anf\u00fchlt, gehen wir gemeinsam den Weg von der ersten Idee bis zur Umsetzung.<\/h6><h6>\u00a0<\/h6><h6 class=\"p1\">Wenige, klar definierte gestalterische Leitplanken schaffen Orientierung, Ruhe und einen Auftritt, der langfristig tr\u00e4gt.<\/h6>\t\t\t\t\t\t\t\t<\/div>\n\t\t\t\t<\/div>\n\t\t\t\t<\/div>\n\t\t<div class=\"elementor-element elementor-element-e5535d1 e-con-full e-flex parallax_section_no qode_elementor_container_no e-con e-child\" data-id=\"e5535d1\" data-element_type=\"container\" data-e-type=\"container\">\n\t\t\t\t<div class=\"elementor-element elementor-element-e4b0ef1 elementor-widget elementor-widget-image\" data-id=\"e4b0ef1\" data-element_type=\"widget\" data-e-type=\"widget\" data-widget_type=\"image.default\">\n\t\t\t\t<div class=\"elementor-widget-container\">\n\t\t\t\t\t\t\t\t\t\t\t\t\t\t\t<img decoding=\"async\" src=\"https:\/\/studioserendipity.de\/wp-content\/uploads\/2026\/02\/DSC07693n-Kopie-2-1-scaled-1.webp\" title=\"DSC07693n-Kopie-2-1-scaled.webp\" alt=\"DSC07693n-Kopie-2-1-scaled.webp\" loading=\"lazy\" \/>\t\t\t\t\t\t\t\t\t\t\t\t\t\t\t<\/div>\n\t\t\t\t<\/div>\n\t\t\t\t<\/div>\n\t\t\t\t\t<\/div>\n\t\t\t\t<\/div>\n\t\t<div class=\"elementor-element elementor-element-126c7e3 e-flex e-con-boxed parallax_section_no qode_elementor_container_no e-con e-parent\" data-id=\"126c7e3\" data-element_type=\"container\" data-e-type=\"container\">\n\t\t\t\t\t<div class=\"e-con-inner\">\n\t\t<div class=\"elementor-element elementor-element-a1ffae4 e-con-full e-flex parallax_section_no qode_elementor_container_no e-con e-child\" data-id=\"a1ffae4\" data-element_type=\"container\" data-e-type=\"container\" data-settings=\"{&quot;background_background&quot;:&quot;classic&quot;}\">\n\t\t\t\t<div class=\"elementor-element elementor-element-a248752 elementor-widget elementor-widget-text-editor\" data-id=\"a248752\" data-element_type=\"widget\" data-e-type=\"widget\" data-widget_type=\"text-editor.default\">\n\t\t\t\t<div class=\"elementor-widget-container\">\n\t\t\t\t\t\t\t\t\t<h6><span class=\"--l --r lmt_write_context_menu_highlight lmt_write_context_menu_interacted_sentence_highlight\"><span class=\"--l --r hover:bg-blue-50 hover:dark:bg-gray-600 lmt__write_highlight_sentence py-[3px]\"><span class=\"--l\">Mein Blick auf <span class=\"--l --r border-b-2 border-green-100 dark:border-green-500 dark:text-green-300 lmt__write_highlight relative text-green-600\">dein<\/span> inneres <span class=\"--l --r border-b-2 border-green-100 dark:border-green-500 dark:text-green-300 lmt__write_highlight relative text-green-600\">Marken-Chaos.<\/span><\/span><\/span><\/span><\/h6><h6>\u00a0<\/h6><h6><span class=\"--l --r lmt_write_context_menu_highlight lmt_write_context_menu_interacted_sentence_highlight\"><span class=\"--l --r hover:bg-blue-50 hover:dark:bg-gray-600 lmt__write_highlight_sentence py-[3px]\"><span class=\"--r\"><span class=\"--l --r hover:dark:text-blue-300 hover:text-blue-500 lmt__words_highlight\">Mit<\/span> <span class=\"--l --r hover:dark:text-blue-300 hover:text-blue-500 lmt__words_highlight\">mir<\/span> <span class=\"--l --r hover:dark:text-blue-300 hover:text-blue-500 lmt__words_highlight\">als<\/span> <span class=\"--l --r hover:dark:text-blue-300 hover:text-blue-500 lmt__words_highlight\">Sparringspartner<\/span><\/span> <span class=\"--l --r\"><span class=\"--l --r hover:dark:text-blue-300 hover:text-blue-500 lmt__words_highlight\">bringen<\/span> <span class=\"--l --r hover:dark:text-blue-300 hover:text-blue-500 lmt__words_highlight\">wir<\/span> <span class=\"--l --r border-b-2 border-green-100 dark:border-green-500 dark:text-green-300 lmt__write_highlight relative text-green-600\"><span class=\"--l --r hover:dark:text-blue-300 hover:text-blue-500 lmt__words_highlight\">deine<\/span> <span class=\"--l --r hover:dark:text-blue-300 hover:text-blue-500 lmt__words_highlight\">Marke<\/span> <span class=\"--l --r hover:dark:text-blue-300 hover:text-blue-500 lmt__words_highlight\">dorthin<\/span><\/span>, <span class=\"--l --r hover:dark:text-blue-300 hover:text-blue-500 lmt__words_highlight\">wo<\/span> <span class=\"--l --r hover:dark:text-blue-300 hover:text-blue-500 lmt__words_highlight\">sie<\/span> <span class=\"--l --r hover:dark:text-blue-300 hover:text-blue-500 lmt__words_highlight\">wieder<\/span> <span class=\"--l --r hover:dark:text-blue-300 hover:text-blue-500 lmt__words_highlight\">inspiriert<\/span> <span class=\"--l --r hover:dark:text-blue-300 hover:text-blue-500 lmt__words_highlight\">und<\/span> <span class=\"--l --r hover:dark:text-blue-300 hover:text-blue-500 lmt__words_highlight\">f\u00fcr<\/span> <span class=\"--l --r hover:dark:text-blue-300 hover:text-blue-500 lmt__words_highlight\">andere<\/span> <span class=\"--l --r hover:dark:text-blue-300 hover:text-blue-500 lmt__words_highlight\">sichtbar<\/span> <span class=\"--l --r hover:dark:text-blue-300 hover:text-blue-500 lmt__words_highlight\">und<\/span> <span class=\"--l --r border-b-2 border-green-100 dark:border-green-500 dark:text-green-300 lmt__write_highlight relative text-green-600\"><span class=\"--l --r hover:dark:text-blue-300 hover:text-blue-500 lmt__words_highlight\">sp\u00fcrbar<\/span><\/span><\/span> <span class=\"--l --r hover:dark:text-blue-300 hover:text-blue-500 lmt__words_highlight\">wird<\/span>.<\/span><\/span><\/h6><h6>\u00a0<\/h6>\t\t\t\t\t\t\t\t<\/div>\n\t\t\t\t<\/div>\n\t\t\t\t<\/div>\n\t\t<div class=\"elementor-element elementor-element-f7bbef1 e-con-full e-flex parallax_section_no qode_elementor_container_no e-con e-child\" data-id=\"f7bbef1\" data-element_type=\"container\" data-e-type=\"container\">\n\t\t\t\t<div class=\"elementor-element elementor-element-2dcbef7 elementor-widget elementor-widget-image\" data-id=\"2dcbef7\" data-element_type=\"widget\" data-e-type=\"widget\" data-widget_type=\"image.default\">\n\t\t\t\t<div class=\"elementor-widget-container\">\n\t\t\t\t\t\t\t\t\t\t\t\t\t\t\t<img decoding=\"async\" src=\"https:\/\/studioserendipity.de\/wp-content\/uploads\/2026\/04\/64960692_edu_20-scaled_blue-1-Kopie.jpg\" title=\"64960692_edu_20-scaled_blue-1 Kopie\" alt=\"64960692_edu_20-scaled_blue-1 Kopie\" loading=\"lazy\" \/>\t\t\t\t\t\t\t\t\t\t\t\t\t\t\t<\/div>\n\t\t\t\t<\/div>\n\t\t\t\t<\/div>\n\t\t\t\t\t<\/div>\n\t\t\t\t<\/div>\n\t\t<div class=\"elementor-element elementor-element-513552e elementor-hidden-desktop elementor-hidden-tablet elementor-hidden-mobile e-flex e-con-boxed parallax_section_no qode_elementor_container_no e-con e-parent\" data-id=\"513552e\" data-element_type=\"container\" data-e-type=\"container\">\n\t\t\t\t\t<div class=\"e-con-inner\">\n\t\t<div class=\"elementor-element elementor-element-d435107 e-con-full e-flex parallax_section_no qode_elementor_container_no e-con e-child\" data-id=\"d435107\" data-element_type=\"container\" data-e-type=\"container\" data-settings=\"{&quot;background_background&quot;:&quot;classic&quot;}\">\n\t\t\t\t<div class=\"elementor-element elementor-element-b17ba7e elementor-widget elementor-widget-text-editor\" data-id=\"b17ba7e\" data-element_type=\"widget\" data-e-type=\"widget\" data-widget_type=\"text-editor.default\">\n\t\t\t\t<div class=\"elementor-widget-container\">\n\t\t\t\t\t\t\t\t\t<h6>Angebot<\/h6>\t\t\t\t\t\t\t\t<\/div>\n\t\t\t\t<\/div>\n\t\t\t\t<div class=\"elementor-element elementor-element-c21649c elementor-widget elementor-widget-text-editor\" data-id=\"c21649c\" data-element_type=\"widget\" data-e-type=\"widget\" data-widget_type=\"text-editor.default\">\n\t\t\t\t<div class=\"elementor-widget-container\">\n\t\t\t\t\t\t\t\t\t<h6>Brand &amp; Visual Strategy<\/h6><h6>Brand-Design<\/h6><h6>\u00a0<\/h6><h6>Sparringspartnerin f\u00fcr Marken<br \/>Markenkommunikation<\/h6><h6>\u00a0<\/h6><h6>Web Design<br \/>Social Media<\/h6><h6>\u00a0<\/h6><h6>Editorial Design<br \/>Buchgestaltung<\/h6><h6>\u00a0<\/h6><h6>Fotokonzeption<br \/>Organisation von Fotoshootings<br \/><span style=\"letter-spacing: 0px;\">Art Direction am Fotoset<br \/><\/span><\/h6><h6>\u00a0<\/h6><h6>\u00a0<\/h6>\t\t\t\t\t\t\t\t<\/div>\n\t\t\t\t<\/div>\n\t\t\t\t<div class=\"elementor-element elementor-element-e61c07a elementor-widget elementor-widget-text-editor\" data-id=\"e61c07a\" data-element_type=\"widget\" data-e-type=\"widget\" data-widget_type=\"text-editor.default\">\n\t\t\t\t<div class=\"elementor-widget-container\">\n\t\t\t\t\t\t\t\t\t<h6>Brand &amp; Visual Strategy<\/h6><h6>Brand-Design<\/h6><h6>\u00a0<\/h6><h6>Sparringspartnerin f\u00fcr Marken<br \/>Markenkommunikation<\/h6><h6>\u00a0<\/h6><h6>Web Design<br \/>Social Media<\/h6><h6>\u00a0<\/h6><h6>Editorial Design<br \/>Buchgestaltung<\/h6><h6>\u00a0<\/h6><h6>Fotokonzeption<br \/>Organisation von Fotoshootings<br \/><span style=\"letter-spacing: 0px;\">Art Direction am Fotoset<br \/><\/span><\/h6><h6>\u00a0<\/h6><h6>\u00a0<\/h6>\t\t\t\t\t\t\t\t<\/div>\n\t\t\t\t<\/div>\n\t\t\t\t<\/div>\n\t\t\t\t\t<\/div>\n\t\t\t\t<\/div>\n\t\t\t\t<\/div>\n\t\t","protected":false},"excerpt":{"rendered":"<p>Gestaltung mit Haltung. Seit vielen Jahren entwickle ich Marken-Auftritte, und -Stories f\u00fcr\u00a0 Lifestyle-Kund:innen. Meinen inhaltlichen wie gestalterischen Ansatz verstehe ich als \u00dcbersetzung von Haltung und Stimmung in eine klare, sinnliche Form. Wenn sich eine Marke nicht nur zeigt, sondern auch sp\u00fcren l\u00e4sst, entsteht Verbindung. Schritt&#8230;<\/p>\n","protected":false},"author":1,"featured_media":0,"parent":0,"menu_order":0,"comment_status":"closed","ping_status":"closed","template":"full_width.php","meta":{"content-type":"","footnotes":""},"class_list":["post-58","page","type-page","status-publish","hentry"],"_links":{"self":[{"href":"https:\/\/studioserendipity.de\/index.php?rest_route=\/wp\/v2\/pages\/58","targetHints":{"allow":["GET"]}}],"collection":[{"href":"https:\/\/studioserendipity.de\/index.php?rest_route=\/wp\/v2\/pages"}],"about":[{"href":"https:\/\/studioserendipity.de\/index.php?rest_route=\/wp\/v2\/types\/page"}],"author":[{"embeddable":true,"href":"https:\/\/studioserendipity.de\/index.php?rest_route=\/wp\/v2\/users\/1"}],"replies":[{"embeddable":true,"href":"https:\/\/studioserendipity.de\/index.php?rest_route=%2Fwp%2Fv2%2Fcomments&post=58"}],"version-history":[{"count":774,"href":"https:\/\/studioserendipity.de\/index.php?rest_route=\/wp\/v2\/pages\/58\/revisions"}],"predecessor-version":[{"id":2100,"href":"https:\/\/studioserendipity.de\/index.php?rest_route=\/wp\/v2\/pages\/58\/revisions\/2100"}],"wp:attachment":[{"href":"https:\/\/studioserendipity.de\/index.php?rest_route=%2Fwp%2Fv2%2Fmedia&parent=58"}],"curies":[{"name":"wp","href":"https:\/\/api.w.org\/{rel}","templated":true}]}}